{"id":2605,"date":"2015-03-15T11:00:25","date_gmt":"2015-03-15T10:00:25","guid":{"rendered":"http:\/\/www.tvdenzlingen.de\/wp\/?page_id=2605"},"modified":"2025-01-06T13:52:31","modified_gmt":"2025-01-06T12:52:31","slug":"eltern-kind-turnen-23-j","status":"publish","type":"page","link":"https:\/\/www.tvdenzlingen.de\/wp\/abteilungen\/abteilung-turnen-gymnastik\/kinderturnen\/eltern-kind-turnen-23-j\/","title":{"rendered":"Eltern-Kind-Turnen"},"content":{"rendered":"<p style=\"text-align: center;\">Das hei\u00dft mindestens eines der Elternteile nimmt gemeinsam mit dem Kind am Turnen teil.<\/p>\n<p style=\"text-align: center;\">Eine sch\u00f6ne Erfahrung und gemeinsam Spa\u00df an der Bewegung. Dazu gibt das gute Gelegenheit sich mit anderen Eltern auszutauschen und zu &#8222;netzwerken&#8220; \ud83d\ude09<\/p>\n<p style=\"text-align: center;\"><strong><span style=\"text-decoration: underline;\">Spontanes Schnuppern<\/span> ist aktuell nur mit vorheriger Kontaktaufnahme m\u00f6glich.<br \/>\n<\/strong><\/p>\n<p style=\"text-align: center;\">Kontakt: Christina Rossa <strong><a href=\"christina.rossa@web.de\" target=\"_blank\" rel=\"noopener\">christina.rossa@web.de<\/a><\/strong><\/p>\n<p style=\"text-align: center;\"><strong>.<\/strong><\/p>\n<p style=\"text-align: center;\"><a href=\"https:\/\/www.tvdenzlingen.de\/wp\/wp-content\/uploads\/2015\/03\/IMG_1151.jpg\"><img fetchpriority=\"high\" decoding=\"async\" class=\"wp-image-2693 size-medium alignleft\" src=\"https:\/\/www.tvdenzlingen.de\/wp\/wp-content\/uploads\/2015\/03\/IMG_1149-300x225.jpg\" alt=\"IMG_1149\" width=\"300\" height=\"225\" srcset=\"https:\/\/www.tvdenzlingen.de\/wp\/wp-content\/uploads\/2015\/03\/IMG_1149-300x225.jpg 300w, https:\/\/www.tvdenzlingen.de\/wp\/wp-content\/uploads\/2015\/03\/IMG_1149-1024x768.jpg 1024w, https:\/\/www.tvdenzlingen.de\/wp\/wp-content\/uploads\/2015\/03\/IMG_1149.jpg 1296w\" sizes=\"(max-width: 300px) 100vw, 300px\" \/><img decoding=\"async\" class=\"wp-image-2694 size-medium aligncenter\" src=\"https:\/\/www.tvdenzlingen.de\/wp\/wp-content\/uploads\/2015\/03\/IMG_1150-300x225.jpg\" alt=\"IMG_1150\" width=\"300\" height=\"225\" srcset=\"https:\/\/www.tvdenzlingen.de\/wp\/wp-content\/uploads\/2015\/03\/IMG_1150-300x225.jpg 300w, https:\/\/www.tvdenzlingen.de\/wp\/wp-content\/uploads\/2015\/03\/IMG_1150-1024x768.jpg 1024w, https:\/\/www.tvdenzlingen.de\/wp\/wp-content\/uploads\/2015\/03\/IMG_1150.jpg 1296w\" sizes=\"(max-width: 300px) 100vw, 300px\" \/><img decoding=\"async\" class=\"wp-image-2695 size-medium alignright\" src=\"https:\/\/www.tvdenzlingen.de\/wp\/wp-content\/uploads\/2015\/03\/IMG_1151-300x225.jpg\" alt=\"IMG_1151\" width=\"300\" height=\"225\" srcset=\"https:\/\/www.tvdenzlingen.de\/wp\/wp-content\/uploads\/2015\/03\/IMG_1151-300x225.jpg 300w, https:\/\/www.tvdenzlingen.de\/wp\/wp-content\/uploads\/2015\/03\/IMG_1151-1024x768.jpg 1024w, https:\/\/www.tvdenzlingen.de\/wp\/wp-content\/uploads\/2015\/03\/IMG_1151.jpg 1296w\" sizes=\"(max-width: 300px) 100vw, 300px\" \/><\/a><\/p>\n<h2 style=\"text-align: center;\">\u00a0<a href=\"https:\/\/www.tvdenzlingen.de\/wp\/wp-content\/uploads\/2015\/03\/IMG_1176.jpg\"><img loading=\"lazy\" decoding=\"async\" class=\"wp-image-2702 size-medium alignnone\" src=\"https:\/\/www.tvdenzlingen.de\/wp\/wp-content\/uploads\/2015\/03\/IMG_1176-300x225.jpg\" alt=\"IMG_1176\" width=\"300\" height=\"225\" srcset=\"https:\/\/www.tvdenzlingen.de\/wp\/wp-content\/uploads\/2015\/03\/IMG_1176-300x225.jpg 300w, https:\/\/www.tvdenzlingen.de\/wp\/wp-content\/uploads\/2015\/03\/IMG_1176.jpg 640w\" sizes=\"(max-width: 300px) 100vw, 300px\" \/><\/a><\/h2>\n<p style=\"text-align: center;\"><img loading=\"lazy\" decoding=\"async\" class=\"wp-image-2703 size-medium alignleft\" src=\"https:\/\/www.tvdenzlingen.de\/wp\/wp-content\/uploads\/2015\/03\/IMG_1177-300x225.jpg\" alt=\"IMG_1177\" width=\"300\" height=\"225\" srcset=\"https:\/\/www.tvdenzlingen.de\/wp\/wp-content\/uploads\/2015\/03\/IMG_1177-300x225.jpg 300w, https:\/\/www.tvdenzlingen.de\/wp\/wp-content\/uploads\/2015\/03\/IMG_1177.jpg 640w\" sizes=\"(max-width: 300px) 100vw, 300px\" \/><a href=\"https:\/\/www.tvdenzlingen.de\/wp\/wp-content\/uploads\/2015\/03\/IMG_15571.jpg\"><img loading=\"lazy\" decoding=\"async\" class=\"wp-image-2764 size-medium aligncenter\" src=\"https:\/\/www.tvdenzlingen.de\/wp\/wp-content\/uploads\/2015\/03\/IMG_15571-300x225.jpg\" alt=\"IMG_1557\" width=\"300\" height=\"225\" srcset=\"https:\/\/www.tvdenzlingen.de\/wp\/wp-content\/uploads\/2015\/03\/IMG_15571-300x225.jpg 300w, https:\/\/www.tvdenzlingen.de\/wp\/wp-content\/uploads\/2015\/03\/IMG_15571.jpg 640w\" sizes=\"(max-width: 300px) 100vw, 300px\" \/><\/a><a href=\"https:\/\/www.tvdenzlingen.de\/wp\/wp-content\/uploads\/2015\/03\/IMG_1561.jpg\"><img loading=\"lazy\" decoding=\"async\" class=\"wp-image-2766 size-medium aligncenter\" src=\"https:\/\/www.tvdenzlingen.de\/wp\/wp-content\/uploads\/2015\/03\/IMG_1561-300x225.jpg\" alt=\"IMG_1561\" width=\"300\" height=\"225\" srcset=\"https:\/\/www.tvdenzlingen.de\/wp\/wp-content\/uploads\/2015\/03\/IMG_1561-300x225.jpg 300w, https:\/\/www.tvdenzlingen.de\/wp\/wp-content\/uploads\/2015\/03\/IMG_1561.jpg 640w\" sizes=\"(max-width: 300px) 100vw, 300px\" \/><\/a><\/p>\n<p>&nbsp;<\/p>\n<p style=\"text-align: center;\">Der TVD bietet hier verschiedene Altersgruppen &#8230;<\/p>\n<p style=\"text-align: center;\">&#8212;&#8212;&#8212;&#8212;&#8212;&#8212;&#8212;&#8212;&#8212;&#8212;&#8212;&#8212;&#8212;&#8212;&#8212;&#8212;&#8212;&#8212;&#8212;&#8212;&#8212;&#8212;&#8212;&#8212;&#8212;&#8212;&#8212;&#8212;&#8212;&#8212;&#8212;<\/p>\n<h2 style=\"text-align: center;\">Eltern-Kind-Turnen 2-4 Jahre<\/h2>\n<p style=\"text-align: center;\">&#8212;&#8212;&#8212;&#8212;&#8212;&#8212;&#8212;&#8212;&#8212;&#8212;&#8212;&#8212;&#8212;&#8212;&#8212;&#8212;&#8212;&#8212;&#8212;&#8212;&#8212;&#8212;&#8212;&#8212;&#8212;&#8212;&#8212;&#8212;&#8212;&#8212;&#8212;<\/p>\n<p style=\"text-align: center;\">mittwochs, 15:30 &#8211; 16:30 Uhr<\/p>\n<p style=\"text-align: center;\">Gro\u00dfe Schulsporthalle<\/p>\n<p style=\"text-align: center;\">\u00dcbungsleiterin: Marina B\u00fcchle<\/p>\n<p style=\"text-align: center;\">&#8212;&#8212;&#8212;&#8212;&#8212;&#8212;&#8212;&#8212;&#8212;&#8212;&#8212;&#8212;&#8212;&#8212;&#8212;&#8212;&#8212;&#8212;&#8212;&#8212;&#8212;&#8212;&#8212;&#8212;&#8212;&#8212;&#8212;&#8212;&#8212;&#8212;&#8212;<\/p>\n<p style=\"text-align: center;\">mittwochs, 16:30 &#8211; 17:30 Uhr<\/p>\n<p style=\"text-align: center;\">Gro\u00dfe Schulsporthalle<\/p>\n<p style=\"text-align: center;\">\u00dcL:\u00a0Sugaya, Ayaleo<\/p>\n<p style=\"text-align: center;\">&#8212;&#8212;&#8212;&#8212;&#8212;&#8212;&#8212;&#8212;&#8212;&#8212;&#8212;&#8212;&#8212;&#8212;&#8212;&#8212;&#8212;&#8212;&#8212;&#8212;&#8212;&#8212;&#8212;&#8212;&#8212;&#8212;&#8212;&#8212;&#8212;&#8212;&#8212;<\/p>\n<p style=\"text-align: center;\">donnerstags, 15:00 &#8211; 16:00 Uhr<\/p>\n<p style=\"text-align: center;\">Jahnhalle<\/p>\n<p style=\"text-align: center;\">\u00dcL:\u00a0Anne Reichmann u. Martina M\u00fcnchbach (derzeit Handball)<\/p>\n<p style=\"text-align: center;\">&#8212;&#8212;&#8212;&#8212;&#8212;&#8212;&#8212;&#8212;&#8212;&#8212;&#8212;&#8212;&#8212;&#8212;&#8212;&#8212;&#8212;&#8212;&#8212;&#8212;&#8212;&#8212;&#8212;&#8212;&#8212;&#8212;&#8212;&#8212;&#8212;&#8212;&#8212;<\/p>\n<p style=\"text-align: center;\">Gruppe 1: freitags, 15:30 &#8211; 16:30 Uhr<\/p>\n<p style=\"text-align: center;\">Gro\u00dfe Sporthalle<\/p>\n<p style=\"text-align: center;\">\u00dcbungsleiterin: Jan S\u00f6ren Schell, Maria Vincken<\/p>\n<p style=\"text-align: center;\">&#8212;&#8212;&#8212;&#8212;&#8212;&#8212;&#8212;&#8212;&#8212;&#8212;&#8212;&#8212;&#8212;&#8212;&#8212;&#8212;&#8212;&#8212;&#8212;&#8212;&#8212;&#8212;&#8212;&#8212;&#8212;&#8212;&#8212;&#8212;&#8212;&#8212;&#8212;<\/p>\n<h2><\/h2>\n<p>Views: 1801<\/p>","protected":false},"excerpt":{"rendered":"<p>Das hei\u00dft mindestens eines der Elternteile nimmt gemeinsam mit dem Kind am Turnen teil. Eine sch\u00f6ne Erfahrung und gemeinsam Spa\u00df an der Bewegung. Dazu gibt das gute Gelegenheit sich mit anderen Eltern auszutauschen und zu &#8222;netzwerken&#8220; \ud83d\ude09 Spontanes Schnuppern ist aktuell nur mit vorheriger Kontaktaufnahme m\u00f6glich. Kontakt: Christina Rossa christina.rossa@web.de . \u00a0 &nbsp; Der TVD [&hellip;]<\/p>\n","protected":false},"author":21,"featured_media":0,"parent":2601,"menu_order":2,"comment_status":"closed","ping_status":"closed","template":"","meta":{"footnotes":""},"class_list":["post-2605","page","type-page","status-publish","hentry","has-post-title","has-post-date","has-post-category","has-post-tag","has-post-comment","has-post-author",""],"_links":{"self":[{"href":"https:\/\/www.tvdenzlingen.de\/wp\/wp-json\/wp\/v2\/pages\/2605","targetHints":{"allow":["GET"]}}],"collection":[{"href":"https:\/\/www.tvdenzlingen.de\/wp\/wp-json\/wp\/v2\/pages"}],"about":[{"href":"https:\/\/www.tvdenzlingen.de\/wp\/wp-json\/wp\/v2\/types\/page"}],"author":[{"embeddable":true,"href":"https:\/\/www.tvdenzlingen.de\/wp\/wp-json\/wp\/v2\/users\/21"}],"replies":[{"embeddable":true,"href":"https:\/\/www.tvdenzlingen.de\/wp\/wp-json\/wp\/v2\/comments?post=2605"}],"version-history":[{"count":89,"href":"https:\/\/www.tvdenzlingen.de\/wp\/wp-json\/wp\/v2\/pages\/2605\/revisions"}],"predecessor-version":[{"id":6557,"href":"https:\/\/www.tvdenzlingen.de\/wp\/wp-json\/wp\/v2\/pages\/2605\/revisions\/6557"}],"up":[{"embeddable":true,"href":"https:\/\/www.tvdenzlingen.de\/wp\/wp-json\/wp\/v2\/pages\/2601"}],"wp:attachment":[{"href":"https:\/\/www.tvdenzlingen.de\/wp\/wp-json\/wp\/v2\/media?parent=2605"}],"curies":[{"name":"wp","href":"https:\/\/api.w.org\/{rel}","templated":true}]}}