{"id":46,"date":"2014-11-21T23:31:28","date_gmt":"2014-11-21T21:31:28","guid":{"rendered":"http:\/\/www.tvdenzlingen.de\/wp\/?page_id=46"},"modified":"2019-12-01T18:43:00","modified_gmt":"2019-12-01T17:43:00","slug":"jubilaeum","status":"publish","type":"page","link":"https:\/\/www.tvdenzlingen.de\/wp\/verein\/jubilaeum\/","title":{"rendered":"Jubil\u00e4um 2004"},"content":{"rendered":"<h2>100 Jahre TV Denzlingen<\/h2>\n<p><a href=\"https:\/\/www.tvdenzlingen.de\/wp\/wp-content\/uploads\/2014\/11\/buch.jpg\"><img decoding=\"async\" class=\"alignleft  wp-image-270\" src=\"https:\/\/www.tvdenzlingen.de\/wp\/wp-content\/uploads\/2014\/11\/buch.jpg\" alt=\"buch\" width=\"143\" height=\"212\" \/><\/a>Das Jubil\u00e4umsbuch der TV Denzlingen ist immer wieder ein Reingucker und seit dem 26. Januar 2004 erh\u00e4ltlich.<\/p>\n<p>Anl\u00e4\u00dflich des 100-j\u00e4hrigen Jubil\u00e4ums des TV Denzlingen wurde eine umfangreiche Chronik in Buchformat erstellt die ab dem 26. Januar 2004 erh\u00e4ltlich ist.<\/p>\n<p>Auf 120 Seiten wird nicht nur die Geschichte des TV Denzlingen vorgestellt, sondern auch die einzelnen Abteilungen des TVD berichten \u00fcber Vergangenes und Gegenw\u00e4rtiges. Auch weitergehende Themen wie die Kooperation zwischen Schule und Verein, die Zukunft von Sportvereinen oder die zuk\u00fcnftige Entwicklung des TVD werden dargestellt.<br \/>\nRund 170 Bilder erg\u00e4nzen das Werk, das sich ausschlie\u00dflich mit dem Sport besch\u00e4ftigt \u2013 in dem Buch finden sich keine Werbeanzeigen, so dass das Lesevergn\u00fcgen ungetr\u00fcbt ist.<\/p>\n<p>Views: 657<\/p><!--themify_builder_content-->\n<div id=\"themify_builder_content-46\" data-postid=\"46\" class=\"themify_builder_content themify_builder_content-46 themify_builder tf_clear\">\n    <\/div>\n<!--\/themify_builder_content-->\n","protected":false},"excerpt":{"rendered":"<p>100 Jahre TV Denzlingen Das Jubil\u00e4umsbuch der TV Denzlingen ist immer wieder ein Reingucker und seit dem 26. Januar 2004 erh\u00e4ltlich. Anl\u00e4\u00dflich des 100-j\u00e4hrigen Jubil\u00e4ums des TV Denzlingen wurde eine umfangreiche Chronik in Buchformat erstellt die ab dem 26. Januar 2004 erh\u00e4ltlich ist. Auf 120 Seiten wird nicht nur die Geschichte des TV Denzlingen vorgestellt, [&hellip;]<\/p>\n","protected":false},"author":21,"featured_media":0,"parent":30,"menu_order":5,"comment_status":"closed","ping_status":"closed","template":"","meta":{"footnotes":""},"class_list":["post-46","page","type-page","status-publish","hentry","has-post-title","has-post-date","has-post-category","has-post-tag","has-post-comment","has-post-author",""],"_links":{"self":[{"href":"https:\/\/www.tvdenzlingen.de\/wp\/wp-json\/wp\/v2\/pages\/46","targetHints":{"allow":["GET"]}}],"collection":[{"href":"https:\/\/www.tvdenzlingen.de\/wp\/wp-json\/wp\/v2\/pages"}],"about":[{"href":"https:\/\/www.tvdenzlingen.de\/wp\/wp-json\/wp\/v2\/types\/page"}],"author":[{"embeddable":true,"href":"https:\/\/www.tvdenzlingen.de\/wp\/wp-json\/wp\/v2\/users\/21"}],"replies":[{"embeddable":true,"href":"https:\/\/www.tvdenzlingen.de\/wp\/wp-json\/wp\/v2\/comments?post=46"}],"version-history":[{"count":8,"href":"https:\/\/www.tvdenzlingen.de\/wp\/wp-json\/wp\/v2\/pages\/46\/revisions"}],"predecessor-version":[{"id":5542,"href":"https:\/\/www.tvdenzlingen.de\/wp\/wp-json\/wp\/v2\/pages\/46\/revisions\/5542"}],"up":[{"embeddable":true,"href":"https:\/\/www.tvdenzlingen.de\/wp\/wp-json\/wp\/v2\/pages\/30"}],"wp:attachment":[{"href":"https:\/\/www.tvdenzlingen.de\/wp\/wp-json\/wp\/v2\/media?parent=46"}],"curies":[{"name":"wp","href":"https:\/\/api.w.org\/{rel}","templated":true}]}}