{"id":81,"date":"2014-11-22T00:10:15","date_gmt":"2014-11-21T22:10:15","guid":{"rendered":"http:\/\/www.tvdenzlingen.de\/wp\/?page_id=81"},"modified":"2022-08-09T20:18:44","modified_gmt":"2022-08-09T18:18:44","slug":"volleyball","status":"publish","type":"page","link":"https:\/\/www.tvdenzlingen.de\/wp\/abteilungen\/volleyball\/","title":{"rendered":"Volleyball"},"content":{"rendered":"<p><a href=\"https:\/\/www.tvdenzlingen.de\/wp\/wp-content\/uploads\/2014\/11\/Piktogramm_Volleyball.jpg\"><img decoding=\"async\" class=\"alignleft wp-image-15\" src=\"https:\/\/www.tvdenzlingen.de\/wp\/wp-content\/uploads\/2014\/11\/Piktogramm_Volleyball.jpg\" alt=\"Piktogramm_Volleyball\" width=\"83\" height=\"82\" srcset=\"https:\/\/www.tvdenzlingen.de\/wp\/wp-content\/uploads\/2014\/11\/Piktogramm_Volleyball.jpg 150w, https:\/\/www.tvdenzlingen.de\/wp\/wp-content\/uploads\/2014\/11\/Piktogramm_Volleyball-978x971.jpg 978w\" sizes=\"(max-width: 83px) 100vw, 83px\" \/><\/a>Volleyball wird im TVD in zwei Freizeitgruppen am Dienstagabend in der Ballsporthalle gespielt. Die genauen Trainingszeiten k\u00f6nnen hier eingesehen werden: <a href=\"https:\/\/www.tvdenzlingen.de\/wp\/verein\/trainingszeiten\/\" target=\"_blank\" rel=\"noopener noreferrer\">https:\/\/www.tvdenzlingen.de\/wp\/verein\/trainingszeiten\/<\/a><\/p>\n<p>2019\/20 hat sich eine neue Freizeit-Volleyballgruppe etabliert. Sie spielt am Sonntagvormittag in der Ballsporthalle.<\/p>\n<p>&nbsp;<\/p>\n<p>Weiterhin steht in den w\u00e4rmeren Jahreszeit die TVD-Beachanlage f\u00fcr Beach-Volleyball zur Verf\u00fcgung. Mehr Infos dazu: <a href=\"https:\/\/www.tvdenzlingen.de\/wp\/verein\/beach-anlage\/\" target=\"_blank\" rel=\"noopener noreferrer\">https:\/\/www.tvdenzlingen.de\/wp\/verein\/beach-anlage\/<\/a><\/p>\n<p>&#8212;&#8212;&#8212;&#8212;&#8212;&#8212;&#8212;&#8212;&#8212;&#8212;&#8212;&#8212;&#8212;&#8212;&#8212;&#8212;&#8212;&#8212;&#8212;&#8212;&#8211;<\/p>\n<h1>Du spielst gerne Volleyball?<\/h1>\n<p>\u2026Dann komm doch vorbei und schnupper in unser Freizeitvolleyball immer dienstags von 20-22 Uhr in der Ballsporthalle in Denzlingen (Jahnstra\u00dfe 14) au\u00dferhalb der Schulferien. Wir sind eine bunt-gemischte Gruppe und freuen uns immer \u00fcber neue Gesichter, die bereits ein wenig Volleyballerfahrung haben. Wir haben eine engagierte Trainerin und haben in der Vergangenheit in der Breisgau Freizeitrunde und an Turnieren in der Umgebung teilgenommen.<br \/>\nBei Interesse oder weiteren Fragen melde dich unter der Telefonnummer: 07642-7018.<br \/>\nWir freuen uns auf dich \u2026<\/p>\n<p><img fetchpriority=\"high\" decoding=\"async\" class=\"alignnone size-full wp-image-6154\" src=\"https:\/\/www.tvdenzlingen.de\/wp\/wp-content\/uploads\/2022\/08\/Freizeit-Volleyball-dienstags.png\" alt=\"\" width=\"1600\" height=\"1016\" srcset=\"https:\/\/www.tvdenzlingen.de\/wp\/wp-content\/uploads\/2022\/08\/Freizeit-Volleyball-dienstags.png 1600w, https:\/\/www.tvdenzlingen.de\/wp\/wp-content\/uploads\/2022\/08\/Freizeit-Volleyball-dienstags-300x191.png 300w, https:\/\/www.tvdenzlingen.de\/wp\/wp-content\/uploads\/2022\/08\/Freizeit-Volleyball-dienstags-1024x650.png 1024w, https:\/\/www.tvdenzlingen.de\/wp\/wp-content\/uploads\/2022\/08\/Freizeit-Volleyball-dienstags-768x488.png 768w, https:\/\/www.tvdenzlingen.de\/wp\/wp-content\/uploads\/2022\/08\/Freizeit-Volleyball-dienstags-1536x975.png 1536w\" sizes=\"(max-width: 1600px) 100vw, 1600px\" \/><\/p>\n<p>&#8212;&#8212;&#8212;&#8212;&#8212;&#8212;&#8212;&#8212;&#8212;&#8212;&#8212;&#8212;&#8212;&#8212;&#8212;&#8212;&#8212;&#8212;&#8212;&#8212;&#8211;<\/p>\n<p>In Denzlingen spielt eine weitere Freizeit-Volleyballgruppe in einem befreundeten Verein am Sonntagabend in der Ballsporthalle. Mehr Infos auf deren Homepage: <a href=\"http:\/\/www.fvdoppelpunkt.de\/\" target=\"_blank\" rel=\"noopener noreferrer\">http:\/\/www.fvdoppelpunkt.de\/<\/a><\/p>\n<p>&nbsp;<\/p>\n<p>Views: 1192<\/p><!--themify_builder_content-->\n<div id=\"themify_builder_content-81\" data-postid=\"81\" class=\"themify_builder_content themify_builder_content-81 themify_builder tf_clear\">\n    <\/div>\n<!--\/themify_builder_content-->\n","protected":false},"excerpt":{"rendered":"<p>Volleyball wird im TVD in zwei Freizeitgruppen am Dienstagabend in der Ballsporthalle gespielt. Die genauen Trainingszeiten k\u00f6nnen hier eingesehen werden: https:\/\/www.tvdenzlingen.de\/wp\/verein\/trainingszeiten\/ 2019\/20 hat sich eine neue Freizeit-Volleyballgruppe etabliert. Sie spielt am Sonntagvormittag in der Ballsporthalle. &nbsp; Weiterhin steht in den w\u00e4rmeren Jahreszeit die TVD-Beachanlage f\u00fcr Beach-Volleyball zur Verf\u00fcgung. Mehr Infos dazu: https:\/\/www.tvdenzlingen.de\/wp\/verein\/beach-anlage\/ &#8212;&#8212;&#8212;&#8212;&#8212;&#8212;&#8212;&#8212;&#8212;&#8212;&#8212;&#8212;&#8212;&#8212;&#8212;&#8212;&#8212;&#8212;&#8212;&#8212;&#8211; Du spielst [&hellip;]<\/p>\n","protected":false},"author":21,"featured_media":0,"parent":32,"menu_order":6,"comment_status":"closed","ping_status":"closed","template":"","meta":{"footnotes":""},"class_list":["post-81","page","type-page","status-publish","hentry","has-post-title","has-post-date","has-post-category","has-post-tag","has-post-comment","has-post-author",""],"_links":{"self":[{"href":"https:\/\/www.tvdenzlingen.de\/wp\/wp-json\/wp\/v2\/pages\/81","targetHints":{"allow":["GET"]}}],"collection":[{"href":"https:\/\/www.tvdenzlingen.de\/wp\/wp-json\/wp\/v2\/pages"}],"about":[{"href":"https:\/\/www.tvdenzlingen.de\/wp\/wp-json\/wp\/v2\/types\/page"}],"author":[{"embeddable":true,"href":"https:\/\/www.tvdenzlingen.de\/wp\/wp-json\/wp\/v2\/users\/21"}],"replies":[{"embeddable":true,"href":"https:\/\/www.tvdenzlingen.de\/wp\/wp-json\/wp\/v2\/comments?post=81"}],"version-history":[{"count":21,"href":"https:\/\/www.tvdenzlingen.de\/wp\/wp-json\/wp\/v2\/pages\/81\/revisions"}],"predecessor-version":[{"id":6158,"href":"https:\/\/www.tvdenzlingen.de\/wp\/wp-json\/wp\/v2\/pages\/81\/revisions\/6158"}],"up":[{"embeddable":true,"href":"https:\/\/www.tvdenzlingen.de\/wp\/wp-json\/wp\/v2\/pages\/32"}],"wp:attachment":[{"href":"https:\/\/www.tvdenzlingen.de\/wp\/wp-json\/wp\/v2\/media?parent=81"}],"curies":[{"name":"wp","href":"https:\/\/api.w.org\/{rel}","templated":true}]}}